{"id":316,"date":"2024-08-27T03:25:19","date_gmt":"2024-08-27T03:25:19","guid":{"rendered":"https:\/\/timecritical-logistics.com\/?page_id=316"},"modified":"2024-08-27T03:37:45","modified_gmt":"2024-08-27T03:37:45","slug":"xem-gia-freight-24-7","status":"publish","type":"page","link":"https:\/\/timecritical-logistics.com\/en\/xem-gia-freight-24-7\/","title":{"rendered":"Xem Gi\u00e1 Freight 24\/7"},"content":{"rendered":"<section class=\"section\" id=\"section_816550202\">\n\t\t<div class=\"section-bg fill\" >\n\t\t\t\t\t\t\t\t\t\n\t\t\t\n\n\t\t<\/div>\n\n\t\t\n\n\t\t<div class=\"section-content relative\">\n\t\t\t\n<div class=\"row row-small\"  id=\"row-459351925\">\n\n\t<div id=\"col-20694206\" class=\"col medium-9 small-12 large-9\"  >\n\t\t\t\t<div class=\"col-inner\"  >\n\t\t\t\n\t\t\t\n<h2>B\u1ea3ng gi\u00e1 Freight 247<\/h2>\n\t\t<\/div>\n\t\t\t\t\t<\/div>\n\n\t\n\n\t<div id=\"col-1550984394\" class=\"col medium-3 small-12 large-3\"  >\n\t\t<div class=\"is-sticky-column\"><div class=\"is-sticky-column__inner\">\t\t<div class=\"col-inner\"  >\n\t\t\t\n\t\t\t\n<ul class=\"sidebar-wrapper ul-reset\"><aside id=\"flatsome_recent_posts-2\" class=\"widget flatsome_recent_posts\">\t\t<span class=\"widget-title\"><span>B\u00e0i vi\u1ebft m\u1edbi nh\u1ea5t<\/span><\/span><div class=\"is-divider small\"><\/div>\t\t<ul>\t\t\n\t\t\n\t\t<li class=\"recent-blog-posts-li\">\n\t\t\t<div class=\"flex-row recent-blog-posts align-top pt-half pb-half\">\n\t\t\t\t<div class=\"flex-col mr-half\">\n\t\t\t\t\t<div class=\"badge post-date  badge-outline\">\n\t\t\t\t\t\t\t<div class=\"badge-inner bg-fill\" style=\"background: url(https:\/\/timecritical-logistics.com\/wp-content\/uploads\/2025\/05\/30-4.3.jpg); border:0;\">\n                                \t\t\t\t\t\t\t<\/div>\n\t\t\t\t\t<\/div>\n\t\t\t\t<\/div>\n\t\t\t\t<div class=\"flex-col flex-grow\">\n\t\t\t\t\t  <a href=\"https:\/\/timecritical-logistics.com\/en\/cong-ty-xpd-to-chuc-chuong-trinh-tham-quan-trung-tam-sai-gon-nhan-dip-ky-niem-50-nam-giai-phong-mien-nam\/\" title=\"C\u00f4ng Ty XPD T\u1ed5 Ch\u1ee9c Ch\u01b0\u01a1ng Tr\u00ecnh Tham Quan Trung T\u00e2m S\u00e0i G\u00f2n Nh\u00e2n D\u1ecbp K\u1ef7 Ni\u1ec7m 50 N\u0103m Gi\u1ea3i Ph\u00f3ng Mi\u1ec1n Nam\">C\u00f4ng Ty XPD T\u1ed5 Ch\u1ee9c Ch\u01b0\u01a1ng Tr\u00ecnh Tham Quan Trung T\u00e2m S\u00e0i G\u00f2n Nh\u00e2n D\u1ecbp K\u1ef7 Ni\u1ec7m 50 N\u0103m Gi\u1ea3i Ph\u00f3ng Mi\u1ec1n Nam<\/a>\n\t\t\t\t   \t  <span class=\"post_comments op-7 block is-xsmall\"><a href=\"https:\/\/timecritical-logistics.com\/en\/cong-ty-xpd-to-chuc-chuong-trinh-tham-quan-trung-tam-sai-gon-nhan-dip-ky-niem-50-nam-giai-phong-mien-nam\/#respond\"><\/a><\/span>\n\t\t\t\t<\/div>\n\t\t\t<\/div>\n\t\t<\/li>\n\t\t\n\t\t\n\t\t<li class=\"recent-blog-posts-li\">\n\t\t\t<div class=\"flex-row recent-blog-posts align-top pt-half pb-half\">\n\t\t\t\t<div class=\"flex-col mr-half\">\n\t\t\t\t\t<div class=\"badge post-date  badge-outline\">\n\t\t\t\t\t\t\t<div class=\"badge-inner bg-fill\" >\n                                \t\t\t\t\t\t\t\t<span class=\"post-date-day\">07<\/span><br>\n\t\t\t\t\t\t\t\t<span class=\"post-date-month is-xsmall\">May<\/span>\n                                \t\t\t\t\t\t\t<\/div>\n\t\t\t\t\t<\/div>\n\t\t\t\t<\/div>\n\t\t\t\t<div class=\"flex-col flex-grow\">\n\t\t\t\t\t  <a href=\"https:\/\/timecritical-logistics.com\/en\/ban-da-biet-gi-ve-phu-phi-lss\/\" title=\"B\u1ea1n \u0111\u00e3 bi\u1ebft g\u00ec v\u1ec1 ph\u1ee5 ph\u00ed LSS?\">B\u1ea1n \u0111\u00e3 bi\u1ebft g\u00ec v\u1ec1 ph\u1ee5 ph\u00ed LSS?<\/a>\n\t\t\t\t   \t  <span class=\"post_comments op-7 block is-xsmall\"><a href=\"https:\/\/timecritical-logistics.com\/en\/ban-da-biet-gi-ve-phu-phi-lss\/#respond\"><\/a><\/span>\n\t\t\t\t<\/div>\n\t\t\t<\/div>\n\t\t<\/li>\n\t\t\n\t\t\n\t\t<li class=\"recent-blog-posts-li\">\n\t\t\t<div class=\"flex-row recent-blog-posts align-top pt-half pb-half\">\n\t\t\t\t<div class=\"flex-col mr-half\">\n\t\t\t\t\t<div class=\"badge post-date  badge-outline\">\n\t\t\t\t\t\t\t<div class=\"badge-inner bg-fill\" style=\"background: url(https:\/\/timecritical-logistics.com\/wp-content\/uploads\/2025\/05\/hinh-go-3-scaled.jpg); border:0;\">\n                                \t\t\t\t\t\t\t<\/div>\n\t\t\t\t\t<\/div>\n\t\t\t\t<\/div>\n\t\t\t\t<div class=\"flex-col flex-grow\">\n\t\t\t\t\t  <a href=\"https:\/\/timecritical-logistics.com\/en\/thich-ung-voi-thach-thuc-thue-nhap-khau-nganh-logistics-viet-nam-chu-dong-chuyen-huong-va-nang-cao-nang-luc\/\" title=\"Th\u00edch \u1ee9ng v\u1edbi th\u00e1ch th\u1ee9c thu\u1ebf nh\u1eadp kh\u1ea9u \u2013 Ng\u00e0nh Logistics Vi\u1ec7t Nam ch\u1ee7 \u0111\u1ed9ng chuy\u1ec3n h\u01b0\u1edbng v\u00e0 n\u00e2ng cao n\u0103ng l\u1ef1c\">Th\u00edch \u1ee9ng v\u1edbi th\u00e1ch th\u1ee9c thu\u1ebf nh\u1eadp kh\u1ea9u \u2013 Ng\u00e0nh Logistics Vi\u1ec7t Nam ch\u1ee7 \u0111\u1ed9ng chuy\u1ec3n h\u01b0\u1edbng v\u00e0 n\u00e2ng cao n\u0103ng l\u1ef1c<\/a>\n\t\t\t\t   \t  <span class=\"post_comments op-7 block is-xsmall\"><a href=\"https:\/\/timecritical-logistics.com\/en\/thich-ung-voi-thach-thuc-thue-nhap-khau-nganh-logistics-viet-nam-chu-dong-chuyen-huong-va-nang-cao-nang-luc\/#respond\"><\/a><\/span>\n\t\t\t\t<\/div>\n\t\t\t<\/div>\n\t\t<\/li>\n\t\t\n\t\t\n\t\t<li class=\"recent-blog-posts-li\">\n\t\t\t<div class=\"flex-row recent-blog-posts align-top pt-half pb-half\">\n\t\t\t\t<div class=\"flex-col mr-half\">\n\t\t\t\t\t<div class=\"badge post-date  badge-outline\">\n\t\t\t\t\t\t\t<div class=\"badge-inner bg-fill\" style=\"background: url(https:\/\/timecritical-logistics.com\/wp-content\/uploads\/2025\/04\/HINH-1-HIEN.jpg); border:0;\">\n                                \t\t\t\t\t\t\t<\/div>\n\t\t\t\t\t<\/div>\n\t\t\t\t<\/div>\n\t\t\t\t<div class=\"flex-col flex-grow\">\n\t\t\t\t\t  <a href=\"https:\/\/timecritical-logistics.com\/en\/workshop-nghe-thuat-lanh-dao-cho-leader-trao-di-kien-thuc-gan-ket-doi-ngu\/\" title=\"WORKSHOP &#8220;NGH\u1ec6 THU\u1eacT L\u00c3NH \u0110\u1ea0O CHO LEADER&#8221; \u2013 TRAO \u0110I KI\u1ebeN TH\u1ee8C, G\u1eaeN K\u1ebeT \u0110\u1ed8I NG\u0168\">WORKSHOP &#8220;NGH\u1ec6 THU\u1eacT L\u00c3NH \u0110\u1ea0O CHO LEADER&#8221; \u2013 TRAO \u0110I KI\u1ebeN TH\u1ee8C, G\u1eaeN K\u1ebeT \u0110\u1ed8I NG\u0168<\/a>\n\t\t\t\t   \t  <span class=\"post_comments op-7 block is-xsmall\"><a href=\"https:\/\/timecritical-logistics.com\/en\/workshop-nghe-thuat-lanh-dao-cho-leader-trao-di-kien-thuc-gan-ket-doi-ngu\/#respond\"><\/a><\/span>\n\t\t\t\t<\/div>\n\t\t\t<\/div>\n\t\t<\/li>\n\t\t\n\t\t\n\t\t<li class=\"recent-blog-posts-li\">\n\t\t\t<div class=\"flex-row recent-blog-posts align-top pt-half pb-half\">\n\t\t\t\t<div class=\"flex-col mr-half\">\n\t\t\t\t\t<div class=\"badge post-date  badge-outline\">\n\t\t\t\t\t\t\t<div class=\"badge-inner bg-fill\" style=\"background: url(https:\/\/timecritical-logistics.com\/wp-content\/uploads\/2025\/04\/ANH-HALA-2-1-scaled.jpg); border:0;\">\n                                \t\t\t\t\t\t\t<\/div>\n\t\t\t\t\t<\/div>\n\t\t\t\t<\/div>\n\t\t\t\t<div class=\"flex-col flex-grow\">\n\t\t\t\t\t  <a href=\"https:\/\/timecritical-logistics.com\/en\/hoi-thao-hala-tu-tieu-chuan-den-thuong-hieu-hoi-moi-cho-doanh-nghiep-xuat-khau-viet-nam\/\" title=\"H\u1ed9i Th\u1ea3o &#8220;Hala &#8211; T\u1eeb Ti\u00eau Chu\u1ea9n \u0110\u1ebfn Th\u01b0\u01a1ng Hi\u1ec7u: C\u01a1 H\u1ed9i M\u1edbi Cho Doanh Nghi\u1ec7p Xu\u1ea5t Kh\u1ea9u Vi\u1ec7t Nam&#8221;\">H\u1ed9i Th\u1ea3o &#8220;Hala &#8211; T\u1eeb Ti\u00eau Chu\u1ea9n \u0110\u1ebfn Th\u01b0\u01a1ng Hi\u1ec7u: C\u01a1 H\u1ed9i M\u1edbi Cho Doanh Nghi\u1ec7p Xu\u1ea5t Kh\u1ea9u Vi\u1ec7t Nam&#8221;<\/a>\n\t\t\t\t   \t  <span class=\"post_comments op-7 block is-xsmall\"><a href=\"https:\/\/timecritical-logistics.com\/en\/hoi-thao-hala-tu-tieu-chuan-den-thuong-hieu-hoi-moi-cho-doanh-nghiep-xuat-khau-viet-nam\/#respond\"><\/a><\/span>\n\t\t\t\t<\/div>\n\t\t\t<\/div>\n\t\t<\/li>\n\t\t\t\t<\/ul>\t\t<\/aside><\/ul>\n\t\t<\/div>\n\t\t<\/div><\/div>\t\t\t<\/div>\n\n\t\n<\/div>\n\t\t<\/div>\n\n\t\t\n<style>\n#section_816550202 {\n  padding-top: 30px;\n  padding-bottom: 30px;\n}\n<\/style>\n\t<\/section>","protected":false},"excerpt":{"rendered":"","protected":false},"author":3,"featured_media":0,"parent":0,"menu_order":0,"comment_status":"closed","ping_status":"closed","template":"page-blank.php","meta":{"footnotes":""},"class_list":["post-316","page","type-page","status-publish","hentry"],"_links":{"self":[{"href":"https:\/\/timecritical-logistics.com\/en\/wp-json\/wp\/v2\/pages\/316","targetHints":{"allow":["GET"]}}],"collection":[{"href":"https:\/\/timecritical-logistics.com\/en\/wp-json\/wp\/v2\/pages"}],"about":[{"href":"https:\/\/timecritical-logistics.com\/en\/wp-json\/wp\/v2\/types\/page"}],"author":[{"embeddable":true,"href":"https:\/\/timecritical-logistics.com\/en\/wp-json\/wp\/v2\/users\/3"}],"replies":[{"embeddable":true,"href":"https:\/\/timecritical-logistics.com\/en\/wp-json\/wp\/v2\/comments?post=316"}],"version-history":[{"count":2,"href":"https:\/\/timecritical-logistics.com\/en\/wp-json\/wp\/v2\/pages\/316\/revisions"}],"predecessor-version":[{"id":332,"href":"https:\/\/timecritical-logistics.com\/en\/wp-json\/wp\/v2\/pages\/316\/revisions\/332"}],"wp:attachment":[{"href":"https:\/\/timecritical-logistics.com\/en\/wp-json\/wp\/v2\/media?parent=316"}],"curies":[{"name":"wp","href":"https:\/\/api.w.org\/{rel}","templated":true}]}}